{"id":746,"date":"2020-06-03T06:08:33","date_gmt":"2020-06-03T04:08:33","guid":{"rendered":"https:\/\/www.buildersgroup.sk\/o-nas\/"},"modified":"2024-03-15T11:18:09","modified_gmt":"2024-03-15T10:18:09","slug":"o-nas","status":"publish","type":"page","link":"https:\/\/www.buildersgroup.sk\/sk\/o-nas\/","title":{"rendered":"O n\u00e1s"},"content":{"rendered":"\t\t<div data-elementor-type=\"wp-post\" data-elementor-id=\"746\" class=\"elementor elementor-746 elementor-44\" data-elementor-post-type=\"page\">\n\t\t\t\t\t\t<section class=\"elementor-section elementor-top-section elementor-element elementor-element-1b5d768b elementor-section-content-middle elementor-section-height-min-height elementor-section-boxed elementor-section-height-default elementor-section-items-middle\" data-id=\"1b5d768b\" data-element_type=\"section\" data-settings=\"{&quot;background_background&quot;:&quot;classic&quot;,&quot;shape_divider_bottom&quot;:&quot;tilt&quot;}\">\n\t\t\t\t\t\t\t<div class=\"elementor-background-overlay\"><\/div>\n\t\t\t\t\t\t<div class=\"elementor-shape elementor-shape-bottom\" data-negative=\"false\">\n\t\t\t<svg xmlns=\"http:\/\/www.w3.org\/2000\/svg\" viewBox=\"0 0 1000 100\" preserveAspectRatio=\"none\">\n\t<path class=\"elementor-shape-fill\" d=\"M0,6V0h1000v100L0,6z\"\/>\n<\/svg>\t\t<\/div>\n\t\t\t\t\t<div class=\"elementor-container elementor-column-gap-no\">\n\t\t\t\t\t<div class=\"elementor-column elementor-col-100 elementor-top-column elementor-element elementor-element-1608c15b\" data-id=\"1608c15b\" data-element_type=\"column\">\n\t\t\t<div class=\"elementor-widget-wrap elementor-element-populated\">\n\t\t\t\t\t\t\t<\/div>\n\t\t<\/div>\n\t\t\t\t\t<\/div>\n\t\t<\/section>\n\t\t\t\t<section class=\"elementor-section elementor-top-section elementor-element elementor-element-64dd3e5 elementor-section-content-middle elementor-section-boxed elementor-section-height-default elementor-section-height-default\" data-id=\"64dd3e5\" data-element_type=\"section\">\n\t\t\t\t\t\t<div class=\"elementor-container elementor-column-gap-default\">\n\t\t\t\t\t<div class=\"elementor-column elementor-col-50 elementor-top-column elementor-element elementor-element-2649de0\" data-id=\"2649de0\" data-element_type=\"column\">\n\t\t\t<div class=\"elementor-widget-wrap elementor-element-populated\">\n\t\t\t\t\t\t<div class=\"elementor-element elementor-element-c9c840b elementor-widget elementor-widget-image\" data-id=\"c9c840b\" data-element_type=\"widget\" data-widget_type=\"image.default\">\n\t\t\t\t<div class=\"elementor-widget-container\">\n\t\t\t\t\t\t\t\t\t\t\t\t\t<img fetchpriority=\"high\" decoding=\"async\" width=\"512\" height=\"258\" src=\"https:\/\/www.buildersgroup.sk\/wp-content\/uploads\/2020\/03\/logoweb512.png\" class=\"attachment-full size-full wp-image-34\" alt=\"\" srcset=\"https:\/\/www.buildersgroup.sk\/wp-content\/uploads\/2020\/03\/logoweb512.png 512w, https:\/\/www.buildersgroup.sk\/wp-content\/uploads\/2020\/03\/logoweb512-300x151.png 300w\" sizes=\"(max-width: 512px) 100vw, 512px\" \/>\t\t\t\t\t\t\t\t\t\t\t\t\t<\/div>\n\t\t\t\t<\/div>\n\t\t\t\t\t<\/div>\n\t\t<\/div>\n\t\t\t\t<div class=\"elementor-column elementor-col-50 elementor-top-column elementor-element elementor-element-3cd4a8f\" data-id=\"3cd4a8f\" data-element_type=\"column\">\n\t\t\t<div class=\"elementor-widget-wrap elementor-element-populated\">\n\t\t\t\t\t\t<div class=\"elementor-element elementor-element-88bc4b0 elementor-widget elementor-widget-text-editor\" data-id=\"88bc4b0\" data-element_type=\"widget\" data-widget_type=\"text-editor.default\">\n\t\t\t\t<div class=\"elementor-widget-container\">\n\t\t\t\t\t\t\t<strong>Builders Group<\/strong> je mladou dynamickou stavebnou spolo\u010dnos\u0165ou, ktor\u00e1 bola vytvoren\u00e1 za \u00fa\u010delom plnenia t\u00fdch najn\u00e1ro\u010dnej\u0161\u00edch po\u017eiadaviek klientov v\u00a0oblasti stavebn\u00edctva.\r\n\r\nT\u00edm spolo\u010dnosti Builders group tvoria sk\u00fasen\u00ed \u0161pecialisti podie\u013eaj\u00faci sa na realiz\u00e1cii men\u0161\u00edch i v\u00e4\u010d\u0161\u00edch projektov v Eur\u00f3pe \u010di v Austr\u00e1lii.\r\n\r\nMedzin\u00e1rodn\u00e9 spolupr\u00e1ce a\u00a0bohat\u00e1 prax n\u00e1\u0161ho t\u00edmu sved\u010dia o\u00a0vysokej odbornej a\u00a0kvalitat\u00edvnej \u00farovni na\u0161ej pr\u00e1ce. S\u00fa\u010dasne sme si v\u0161ak vedom\u00ed potreby neust\u00e1leho inovovania technologick\u00fdch postupov. Spokojnos\u0165 klientov je na\u0161ou prioritou a\u00a0z\u00e1rove\u0148 najv\u00e4\u010d\u0161ou satisfakciou.\t\t\t\t\t\t<\/div>\n\t\t\t\t<\/div>\n\t\t\t\t\t<\/div>\n\t\t<\/div>\n\t\t\t\t\t<\/div>\n\t\t<\/section>\n\t\t\t\t<section class=\"elementor-section elementor-top-section elementor-element elementor-element-82c38a0 elementor-reverse-mobile elementor-section-boxed elementor-section-height-default elementor-section-height-default\" data-id=\"82c38a0\" data-element_type=\"section\" data-settings=\"{&quot;background_background&quot;:&quot;classic&quot;,&quot;shape_divider_top&quot;:&quot;tilt&quot;}\">\n\t\t\t\t\t<div class=\"elementor-shape elementor-shape-top\" data-negative=\"false\">\n\t\t\t<svg xmlns=\"http:\/\/www.w3.org\/2000\/svg\" viewBox=\"0 0 1000 100\" preserveAspectRatio=\"none\">\n\t<path class=\"elementor-shape-fill\" d=\"M0,6V0h1000v100L0,6z\"\/>\n<\/svg>\t\t<\/div>\n\t\t\t\t\t<div class=\"elementor-container elementor-column-gap-default\">\n\t\t\t\t\t<div class=\"elementor-column elementor-col-50 elementor-top-column elementor-element elementor-element-363318e\" data-id=\"363318e\" data-element_type=\"column\">\n\t\t\t<div class=\"elementor-widget-wrap elementor-element-populated\">\n\t\t\t\t\t\t<div class=\"elementor-element elementor-element-5e626d9 elementor-widget elementor-widget-text-editor\" data-id=\"5e626d9\" data-element_type=\"widget\" data-widget_type=\"text-editor.default\">\n\t\t\t\t<div class=\"elementor-widget-container\">\n\t\t\t\t\t\t\tZakladate\u013eom, hlavou firmy a projekt mana\u017e\u00e9rom spolo\u010dnosti je <strong>Martin Bielik<\/strong>. Akt\u00edvne sa podie\u013ea na ka\u017edom realizovanom projekte.\r\n\r\nPo\u010das nieko\u013ek\u00fdch \u00faspe\u0161n\u00fdch rokov praxe v\u00a0stavebnom sektore som nazbieral dostato\u010dn\u00e9 mno\u017estvo poznatkov z\u00a0r\u00f4znych stavebn\u00fdch odvetv\u00ed, pri\u010dom som v\u017edy intenz\u00edvne vn\u00edmal aktu\u00e1lnu problematiku stavebn\u00edctva a\u00a0jeho nedostatky. Rozhodol som sa preto zalo\u017ei\u0165 spolo\u010dnos\u0165 Builders Group, ktor\u00e1 sa neust\u00e1le prisp\u00f4sobuje dopytu na trhu a\u00a0eliminuje deficity, ktor\u00e9 sa, ako iste v\u0161etci dobre vieme, \u010dasto vyskytuj\u00fa u\u00a0in\u00fdch spolo\u010dnost\u00ed s\u00a0rovnak\u00fdm zameran\u00edm.\t\t\t\t\t\t<\/div>\n\t\t\t\t<\/div>\n\t\t\t\t\t<\/div>\n\t\t<\/div>\n\t\t\t\t<div class=\"elementor-column elementor-col-50 elementor-top-column elementor-element elementor-element-e33abad\" data-id=\"e33abad\" data-element_type=\"column\">\n\t\t\t<div class=\"elementor-widget-wrap elementor-element-populated\">\n\t\t\t\t\t\t<div class=\"elementor-element elementor-element-bcbce7b elementor-widget elementor-widget-image\" data-id=\"bcbce7b\" data-element_type=\"widget\" data-widget_type=\"image.default\">\n\t\t\t\t<div class=\"elementor-widget-container\">\n\t\t\t\t\t\t\t\t\t\t\t\t\t<img decoding=\"async\" width=\"320\" height=\"405\" src=\"https:\/\/www.buildersgroup.sk\/wp-content\/uploads\/2020\/07\/martin-bielik3.jpg\" class=\"attachment-full size-full wp-image-828\" alt=\"\" srcset=\"https:\/\/www.buildersgroup.sk\/wp-content\/uploads\/2020\/07\/martin-bielik3.jpg 320w, https:\/\/www.buildersgroup.sk\/wp-content\/uploads\/2020\/07\/martin-bielik3-237x300.jpg 237w\" sizes=\"(max-width: 320px) 100vw, 320px\" \/>\t\t\t\t\t\t\t\t\t\t\t\t\t<\/div>\n\t\t\t\t<\/div>\n\t\t\t\t\t<\/div>\n\t\t<\/div>\n\t\t\t\t\t<\/div>\n\t\t<\/section>\n\t\t\t\t<section class=\"elementor-section elementor-top-section elementor-element elementor-element-c3ed7e1 elementor-section-full_width elementor-section-height-default elementor-section-height-default\" data-id=\"c3ed7e1\" data-element_type=\"section\">\n\t\t\t\t\t\t<div class=\"elementor-container elementor-column-gap-default\">\n\t\t\t\t\t<div class=\"elementor-column elementor-col-100 elementor-top-column elementor-element elementor-element-1013de5\" data-id=\"1013de5\" data-element_type=\"column\">\n\t\t\t<div class=\"elementor-widget-wrap elementor-element-populated\">\n\t\t\t\t\t\t<div class=\"elementor-element elementor-element-dc4fbe1 elementor-widget elementor-widget-template\" data-id=\"dc4fbe1\" data-element_type=\"widget\" data-widget_type=\"template.default\">\n\t\t\t\t<div class=\"elementor-widget-container\">\n\t\t\t\t\t<div class=\"elementor-template\">\n\t\t\t\t\t<div data-elementor-type=\"section\" data-elementor-id=\"771\" class=\"elementor elementor-771 elementor-578\" data-elementor-post-type=\"elementor_library\">\n\t\t\t\t\t<section class=\"elementor-section elementor-top-section elementor-element elementor-element-1e28d1c9 elementor-section-boxed elementor-section-height-default elementor-section-height-default\" data-id=\"1e28d1c9\" data-element_type=\"section\" data-settings=\"{&quot;background_background&quot;:&quot;classic&quot;}\">\n\t\t\t\t\t\t<div class=\"elementor-container elementor-column-gap-default\">\n\t\t\t\t\t<div class=\"elementor-column elementor-col-66 elementor-top-column elementor-element elementor-element-7ea8dfb3\" data-id=\"7ea8dfb3\" data-element_type=\"column\">\n\t\t\t<div class=\"elementor-widget-wrap elementor-element-populated\">\n\t\t\t\t\t\t<div class=\"elementor-element elementor-element-7c40cb5c elementor-widget elementor-widget-heading\" data-id=\"7c40cb5c\" data-element_type=\"widget\" data-widget_type=\"heading.default\">\n\t\t\t\t<div class=\"elementor-widget-container\">\n\t\t\t<h3 class=\"elementor-heading-title elementor-size-default\">Potrebujete pomoc v oblasti stavebn\u00edctva? Sme odborn\u00edci!<\/h3>\t\t<\/div>\n\t\t\t\t<\/div>\n\t\t\t\t\t<\/div>\n\t\t<\/div>\n\t\t\t\t<div class=\"elementor-column elementor-col-33 elementor-top-column elementor-element elementor-element-4c0e9cba\" data-id=\"4c0e9cba\" data-element_type=\"column\">\n\t\t\t<div class=\"elementor-widget-wrap elementor-element-populated\">\n\t\t\t\t\t\t<div class=\"elementor-element elementor-element-e04c861 elementor-align-right elementor-mobile-align-center elementor-widget elementor-widget-button\" data-id=\"e04c861\" data-element_type=\"widget\" data-widget_type=\"button.default\">\n\t\t\t\t<div class=\"elementor-widget-container\">\n\t\t\t\t\t<div class=\"elementor-button-wrapper\">\n\t\t\t<a class=\"elementor-button elementor-button-link elementor-size-sm\" href=\"https:\/\/www.buildersgroup.sk\/sk\/kontakt\/\">\n\t\t\t\t\t\t<span class=\"elementor-button-content-wrapper\">\n\t\t\t\t\t\t<span class=\"elementor-button-text\">Kontaktujte n\u00e1s<\/span>\n\t\t<\/span>\n\t\t\t\t\t<\/a>\n\t\t<\/div>\n\t\t\t\t<\/div>\n\t\t\t\t<\/div>\n\t\t\t\t\t<\/div>\n\t\t<\/div>\n\t\t\t\t\t<\/div>\n\t\t<\/section>\n\t\t\t\t<\/div>\n\t\t\t\t<\/div>\n\t\t\t\t<\/div>\n\t\t\t\t<\/div>\n\t\t\t\t\t<\/div>\n\t\t<\/div>\n\t\t\t\t\t<\/div>\n\t\t<\/section>\n\t\t\t\t<\/div>\n\t\t","protected":false},"excerpt":{"rendered":"<p>Builders Group je mladou dynamickou stavebnou spolo\u010dnos\u0165ou, ktor\u00e1 bola vytvoren\u00e1 za \u00fa\u010delom plnenia t\u00fdch najn\u00e1ro\u010dnej\u0161\u00edch po\u017eiadaviek klientov v\u00a0oblasti stavebn\u00edctva. T\u00edm spolo\u010dnosti Builders group tvoria sk\u00fasen\u00ed \u0161pecialisti podie\u013eaj\u00faci sa na realiz\u00e1cii men\u0161\u00edch i v\u00e4\u010d\u0161\u00edch projektov v Eur\u00f3pe \u010di v Austr\u00e1lii. Medzin\u00e1rodn\u00e9 spolupr\u00e1ce a\u00a0bohat\u00e1 prax n\u00e1\u0161ho t\u00edmu sved\u010dia o\u00a0vysokej odbornej a\u00a0kvalitat\u00edvnej \u00farovni na\u0161ej pr\u00e1ce. S\u00fa\u010dasne sme si [&hellip;]<\/p>\n","protected":false},"author":1,"featured_media":586,"parent":0,"menu_order":0,"comment_status":"closed","ping_status":"closed","template":"","meta":{"site-sidebar-layout":"no-sidebar","site-content-layout":"page-builder","ast-site-content-layout":"","site-content-style":"default","site-sidebar-style":"default","ast-global-header-display":"","ast-banner-title-visibility":"","ast-main-header-display":"","ast-hfb-above-header-display":"","ast-hfb-below-header-display":"","ast-hfb-mobile-header-display":"","site-post-title":"disabled","ast-breadcrumbs-content":"","ast-featured-img":"disabled","footer-sml-layout":"","theme-transparent-header-meta":"default","adv-header-id-meta":"","stick-header-meta":"","header-above-stick-meta":"","header-main-stick-meta":"","header-below-stick-meta":"","astra-migrate-meta-layouts":"default","ast-page-background-enabled":"default","ast-page-background-meta":{"desktop":{"background-color":"","background-image":"","background-repeat":"repeat","background-position":"center center","background-size":"auto","background-attachment":"scroll","background-type":"","background-media":"","overlay-type":"","overlay-color":"","overlay-gradient":""},"tablet":{"background-color":"","background-image":"","background-repeat":"repeat","background-position":"center center","background-size":"auto","background-attachment":"scroll","background-type":"","background-media":"","overlay-type":"","overlay-color":"","overlay-gradient":""},"mobile":{"background-color":"","background-image":"","background-repeat":"repeat","background-position":"center center","background-size":"auto","background-attachment":"scroll","background-type":"","background-media":"","overlay-type":"","overlay-color":"","overlay-gradient":""}},"ast-content-background-meta":{"desktop":{"background-color":"var(--ast-global-color-5)","background-image":"","background-repeat":"repeat","background-position":"center center","background-size":"auto","background-attachment":"scroll","background-type":"","background-media":"","overlay-type":"","overlay-color":"","overlay-gradient":""},"tablet":{"background-color":"var(--ast-global-color-5)","background-image":"","background-repeat":"repeat","background-position":"center center","background-size":"auto","background-attachment":"scroll","background-type":"","background-media":"","overlay-type":"","overlay-color":"","overlay-gradient":""},"mobile":{"background-color":"var(--ast-global-color-5)","background-image":"","background-repeat":"repeat","background-position":"center center","background-size":"auto","background-attachment":"scroll","background-type":"","background-media":"","overlay-type":"","overlay-color":"","overlay-gradient":""}},"footnotes":""},"class_list":["post-746","page","type-page","status-publish","has-post-thumbnail","hentry"],"yoast_head":"<!-- This site is optimized with the Yoast SEO plugin v22.4 - https:\/\/yoast.com\/wordpress\/plugins\/seo\/ -->\n<title>O n\u00e1s - Builders Group<\/title>\n<meta name=\"robots\" content=\"index, follow, max-snippet:-1, max-image-preview:large, max-video-preview:-1\" \/>\n<link rel=\"canonical\" href=\"https:\/\/www.buildersgroup.sk\/sk\/o-nas\/\" \/>\n<meta property=\"og:locale\" content=\"sk_SK\" \/>\n<meta property=\"og:type\" content=\"article\" \/>\n<meta property=\"og:title\" content=\"O n\u00e1s - Builders Group\" \/>\n<meta property=\"og:description\" content=\"Builders Group je mladou dynamickou stavebnou spolo\u010dnos\u0165ou, ktor\u00e1 bola vytvoren\u00e1 za \u00fa\u010delom plnenia t\u00fdch najn\u00e1ro\u010dnej\u0161\u00edch po\u017eiadaviek klientov v\u00a0oblasti stavebn\u00edctva. T\u00edm spolo\u010dnosti Builders group tvoria sk\u00fasen\u00ed \u0161pecialisti podie\u013eaj\u00faci sa na realiz\u00e1cii men\u0161\u00edch i v\u00e4\u010d\u0161\u00edch projektov v Eur\u00f3pe \u010di v Austr\u00e1lii. Medzin\u00e1rodn\u00e9 spolupr\u00e1ce a\u00a0bohat\u00e1 prax n\u00e1\u0161ho t\u00edmu sved\u010dia o\u00a0vysokej odbornej a\u00a0kvalitat\u00edvnej \u00farovni na\u0161ej pr\u00e1ce. S\u00fa\u010dasne sme si [&hellip;]\" \/>\n<meta property=\"og:url\" content=\"https:\/\/www.buildersgroup.sk\/sk\/o-nas\/\" \/>\n<meta property=\"og:site_name\" content=\"Builders Group\" \/>\n<meta property=\"article:modified_time\" content=\"2024-03-15T10:18:09+00:00\" \/>\n<meta property=\"og:image\" content=\"https:\/\/www.buildersgroup.sk\/wp-content\/uploads\/2020\/05\/construction-1210677_1920.jpg\" \/>\n\t<meta property=\"og:image:width\" content=\"1920\" \/>\n\t<meta property=\"og:image:height\" content=\"1440\" \/>\n\t<meta property=\"og:image:type\" content=\"image\/jpeg\" \/>\n<meta name=\"twitter:card\" content=\"summary_large_image\" \/>\n<meta name=\"twitter:label1\" content=\"Predpokladan\u00fd \u010das \u010d\u00edtania\" \/>\n\t<meta name=\"twitter:data1\" content=\"1 min\u00fata\" \/>\n<script type=\"application\/ld+json\" class=\"yoast-schema-graph\">{\"@context\":\"https:\/\/schema.org\",\"@graph\":[{\"@type\":\"WebPage\",\"@id\":\"https:\/\/www.buildersgroup.sk\/sk\/o-nas\/\",\"url\":\"https:\/\/www.buildersgroup.sk\/sk\/o-nas\/\",\"name\":\"O n\u00e1s - Builders Group\",\"isPartOf\":{\"@id\":\"https:\/\/www.buildersgroup.sk\/sk\/#website\"},\"primaryImageOfPage\":{\"@id\":\"https:\/\/www.buildersgroup.sk\/sk\/o-nas\/#primaryimage\"},\"image\":{\"@id\":\"https:\/\/www.buildersgroup.sk\/sk\/o-nas\/#primaryimage\"},\"thumbnailUrl\":\"https:\/\/www.buildersgroup.sk\/wp-content\/uploads\/2020\/05\/construction-1210677_1920.jpg\",\"datePublished\":\"2020-06-03T04:08:33+00:00\",\"dateModified\":\"2024-03-15T10:18:09+00:00\",\"breadcrumb\":{\"@id\":\"https:\/\/www.buildersgroup.sk\/sk\/o-nas\/#breadcrumb\"},\"inLanguage\":\"sk-SK\",\"potentialAction\":[{\"@type\":\"ReadAction\",\"target\":[\"https:\/\/www.buildersgroup.sk\/sk\/o-nas\/\"]}]},{\"@type\":\"ImageObject\",\"inLanguage\":\"sk-SK\",\"@id\":\"https:\/\/www.buildersgroup.sk\/sk\/o-nas\/#primaryimage\",\"url\":\"https:\/\/www.buildersgroup.sk\/wp-content\/uploads\/2020\/05\/construction-1210677_1920.jpg\",\"contentUrl\":\"https:\/\/www.buildersgroup.sk\/wp-content\/uploads\/2020\/05\/construction-1210677_1920.jpg\",\"width\":1920,\"height\":1440},{\"@type\":\"BreadcrumbList\",\"@id\":\"https:\/\/www.buildersgroup.sk\/sk\/o-nas\/#breadcrumb\",\"itemListElement\":[{\"@type\":\"ListItem\",\"position\":1,\"name\":\"Home\",\"item\":\"https:\/\/www.buildersgroup.sk\/sk\/\"},{\"@type\":\"ListItem\",\"position\":2,\"name\":\"O n\u00e1s\"}]},{\"@type\":\"WebSite\",\"@id\":\"https:\/\/www.buildersgroup.sk\/sk\/#website\",\"url\":\"https:\/\/www.buildersgroup.sk\/sk\/\",\"name\":\"Builders Group\",\"description\":\"Building the future\",\"publisher\":{\"@id\":\"https:\/\/www.buildersgroup.sk\/sk\/#organization\"},\"potentialAction\":[{\"@type\":\"SearchAction\",\"target\":{\"@type\":\"EntryPoint\",\"urlTemplate\":\"https:\/\/www.buildersgroup.sk\/sk\/?s={search_term_string}\"},\"query-input\":\"required name=search_term_string\"}],\"inLanguage\":\"sk-SK\"},{\"@type\":\"Organization\",\"@id\":\"https:\/\/www.buildersgroup.sk\/sk\/#organization\",\"name\":\"Builders Group\",\"url\":\"https:\/\/www.buildersgroup.sk\/sk\/\",\"logo\":{\"@type\":\"ImageObject\",\"inLanguage\":\"sk-SK\",\"@id\":\"https:\/\/www.buildersgroup.sk\/sk\/#\/schema\/logo\/image\/\",\"url\":\"https:\/\/www.buildersgroup.sk\/wp-content\/uploads\/2020\/03\/logoweb512.png\",\"contentUrl\":\"https:\/\/www.buildersgroup.sk\/wp-content\/uploads\/2020\/03\/logoweb512.png\",\"width\":512,\"height\":258,\"caption\":\"Builders Group\"},\"image\":{\"@id\":\"https:\/\/www.buildersgroup.sk\/sk\/#\/schema\/logo\/image\/\"}}]}<\/script>\n<!-- \/ Yoast SEO plugin. -->","yoast_head_json":{"title":"O n\u00e1s - Builders Group","robots":{"index":"index","follow":"follow","max-snippet":"max-snippet:-1","max-image-preview":"max-image-preview:large","max-video-preview":"max-video-preview:-1"},"canonical":"https:\/\/www.buildersgroup.sk\/sk\/o-nas\/","og_locale":"sk_SK","og_type":"article","og_title":"O n\u00e1s - Builders Group","og_description":"Builders Group je mladou dynamickou stavebnou spolo\u010dnos\u0165ou, ktor\u00e1 bola vytvoren\u00e1 za \u00fa\u010delom plnenia t\u00fdch najn\u00e1ro\u010dnej\u0161\u00edch po\u017eiadaviek klientov v\u00a0oblasti stavebn\u00edctva. T\u00edm spolo\u010dnosti Builders group tvoria sk\u00fasen\u00ed \u0161pecialisti podie\u013eaj\u00faci sa na realiz\u00e1cii men\u0161\u00edch i v\u00e4\u010d\u0161\u00edch projektov v Eur\u00f3pe \u010di v Austr\u00e1lii. Medzin\u00e1rodn\u00e9 spolupr\u00e1ce a\u00a0bohat\u00e1 prax n\u00e1\u0161ho t\u00edmu sved\u010dia o\u00a0vysokej odbornej a\u00a0kvalitat\u00edvnej \u00farovni na\u0161ej pr\u00e1ce. S\u00fa\u010dasne sme si [&hellip;]","og_url":"https:\/\/www.buildersgroup.sk\/sk\/o-nas\/","og_site_name":"Builders Group","article_modified_time":"2024-03-15T10:18:09+00:00","og_image":[{"width":1920,"height":1440,"url":"https:\/\/www.buildersgroup.sk\/wp-content\/uploads\/2020\/05\/construction-1210677_1920.jpg","type":"image\/jpeg"}],"twitter_card":"summary_large_image","twitter_misc":{"Predpokladan\u00fd \u010das \u010d\u00edtania":"1 min\u00fata"},"schema":{"@context":"https:\/\/schema.org","@graph":[{"@type":"WebPage","@id":"https:\/\/www.buildersgroup.sk\/sk\/o-nas\/","url":"https:\/\/www.buildersgroup.sk\/sk\/o-nas\/","name":"O n\u00e1s - Builders Group","isPartOf":{"@id":"https:\/\/www.buildersgroup.sk\/sk\/#website"},"primaryImageOfPage":{"@id":"https:\/\/www.buildersgroup.sk\/sk\/o-nas\/#primaryimage"},"image":{"@id":"https:\/\/www.buildersgroup.sk\/sk\/o-nas\/#primaryimage"},"thumbnailUrl":"https:\/\/www.buildersgroup.sk\/wp-content\/uploads\/2020\/05\/construction-1210677_1920.jpg","datePublished":"2020-06-03T04:08:33+00:00","dateModified":"2024-03-15T10:18:09+00:00","breadcrumb":{"@id":"https:\/\/www.buildersgroup.sk\/sk\/o-nas\/#breadcrumb"},"inLanguage":"sk-SK","potentialAction":[{"@type":"ReadAction","target":["https:\/\/www.buildersgroup.sk\/sk\/o-nas\/"]}]},{"@type":"ImageObject","inLanguage":"sk-SK","@id":"https:\/\/www.buildersgroup.sk\/sk\/o-nas\/#primaryimage","url":"https:\/\/www.buildersgroup.sk\/wp-content\/uploads\/2020\/05\/construction-1210677_1920.jpg","contentUrl":"https:\/\/www.buildersgroup.sk\/wp-content\/uploads\/2020\/05\/construction-1210677_1920.jpg","width":1920,"height":1440},{"@type":"BreadcrumbList","@id":"https:\/\/www.buildersgroup.sk\/sk\/o-nas\/#breadcrumb","itemListElement":[{"@type":"ListItem","position":1,"name":"Home","item":"https:\/\/www.buildersgroup.sk\/sk\/"},{"@type":"ListItem","position":2,"name":"O n\u00e1s"}]},{"@type":"WebSite","@id":"https:\/\/www.buildersgroup.sk\/sk\/#website","url":"https:\/\/www.buildersgroup.sk\/sk\/","name":"Builders Group","description":"Building the future","publisher":{"@id":"https:\/\/www.buildersgroup.sk\/sk\/#organization"},"potentialAction":[{"@type":"SearchAction","target":{"@type":"EntryPoint","urlTemplate":"https:\/\/www.buildersgroup.sk\/sk\/?s={search_term_string}"},"query-input":"required name=search_term_string"}],"inLanguage":"sk-SK"},{"@type":"Organization","@id":"https:\/\/www.buildersgroup.sk\/sk\/#organization","name":"Builders Group","url":"https:\/\/www.buildersgroup.sk\/sk\/","logo":{"@type":"ImageObject","inLanguage":"sk-SK","@id":"https:\/\/www.buildersgroup.sk\/sk\/#\/schema\/logo\/image\/","url":"https:\/\/www.buildersgroup.sk\/wp-content\/uploads\/2020\/03\/logoweb512.png","contentUrl":"https:\/\/www.buildersgroup.sk\/wp-content\/uploads\/2020\/03\/logoweb512.png","width":512,"height":258,"caption":"Builders Group"},"image":{"@id":"https:\/\/www.buildersgroup.sk\/sk\/#\/schema\/logo\/image\/"}}]}},"_links":{"self":[{"href":"https:\/\/www.buildersgroup.sk\/sk\/wp-json\/wp\/v2\/pages\/746","targetHints":{"allow":["GET"]}}],"collection":[{"href":"https:\/\/www.buildersgroup.sk\/sk\/wp-json\/wp\/v2\/pages"}],"about":[{"href":"https:\/\/www.buildersgroup.sk\/sk\/wp-json\/wp\/v2\/types\/page"}],"author":[{"embeddable":true,"href":"https:\/\/www.buildersgroup.sk\/sk\/wp-json\/wp\/v2\/users\/1"}],"replies":[{"embeddable":true,"href":"https:\/\/www.buildersgroup.sk\/sk\/wp-json\/wp\/v2\/comments?post=746"}],"version-history":[{"count":3,"href":"https:\/\/www.buildersgroup.sk\/sk\/wp-json\/wp\/v2\/pages\/746\/revisions"}],"predecessor-version":[{"id":1041,"href":"https:\/\/www.buildersgroup.sk\/sk\/wp-json\/wp\/v2\/pages\/746\/revisions\/1041"}],"wp:featuredmedia":[{"embeddable":true,"href":"https:\/\/www.buildersgroup.sk\/sk\/wp-json\/wp\/v2\/media\/586"}],"wp:attachment":[{"href":"https:\/\/www.buildersgroup.sk\/sk\/wp-json\/wp\/v2\/media?parent=746"}],"curies":[{"name":"wp","href":"https:\/\/api.w.org\/{rel}","templated":true}]}}