{"id":758,"date":"2020-06-03T06:24:55","date_gmt":"2020-06-03T04:24:55","guid":{"rendered":"https:\/\/www.buildersgroup.sk\/kariera\/"},"modified":"2020-06-03T07:41:17","modified_gmt":"2020-06-03T05:41:17","slug":"kariera","status":"publish","type":"page","link":"https:\/\/www.buildersgroup.sk\/sk\/kariera\/","title":{"rendered":"Kari\u00e9ra"},"content":{"rendered":"\t\t<div data-elementor-type=\"wp-page\" data-elementor-id=\"758\" class=\"elementor elementor-758 elementor-487\" data-elementor-post-type=\"page\">\n\t\t\t\t\t\t<section class=\"elementor-section elementor-top-section elementor-element elementor-element-5474622d elementor-section-content-middle elementor-section-height-min-height elementor-section-boxed elementor-section-height-default elementor-section-items-middle\" data-id=\"5474622d\" data-element_type=\"section\" data-settings=\"{&quot;background_background&quot;:&quot;classic&quot;,&quot;shape_divider_bottom&quot;:&quot;tilt&quot;}\">\n\t\t\t\t\t\t\t<div class=\"elementor-background-overlay\"><\/div>\n\t\t\t\t\t\t<div class=\"elementor-shape elementor-shape-bottom\" data-negative=\"false\">\n\t\t\t<svg xmlns=\"http:\/\/www.w3.org\/2000\/svg\" viewBox=\"0 0 1000 100\" preserveAspectRatio=\"none\">\n\t<path class=\"elementor-shape-fill\" d=\"M0,6V0h1000v100L0,6z\"\/>\n<\/svg>\t\t<\/div>\n\t\t\t\t\t<div class=\"elementor-container elementor-column-gap-no\">\n\t\t\t\t\t<div class=\"elementor-column elementor-col-100 elementor-top-column elementor-element elementor-element-55db8497\" data-id=\"55db8497\" data-element_type=\"column\">\n\t\t\t<div class=\"elementor-widget-wrap elementor-element-populated\">\n\t\t\t\t\t\t\t<\/div>\n\t\t<\/div>\n\t\t\t\t\t<\/div>\n\t\t<\/section>\n\t\t\t\t<section class=\"elementor-section elementor-top-section elementor-element elementor-element-158b279b elementor-section-content-middle elementor-section-boxed elementor-section-height-default elementor-section-height-default\" data-id=\"158b279b\" data-element_type=\"section\">\n\t\t\t\t\t\t<div class=\"elementor-container elementor-column-gap-no\">\n\t\t\t\t\t<div class=\"elementor-column elementor-col-100 elementor-top-column elementor-element elementor-element-df91f5b\" data-id=\"df91f5b\" data-element_type=\"column\">\n\t\t\t<div class=\"elementor-widget-wrap elementor-element-populated\">\n\t\t\t\t\t\t<div class=\"elementor-element elementor-element-e19e8a elementor-widget elementor-widget-text-editor\" data-id=\"e19e8a\" data-element_type=\"widget\" data-widget_type=\"text-editor.default\">\n\t\t\t\t<div class=\"elementor-widget-container\">\n\t\t\t\t\t\t\t<p>H\u013ead\u00e1me do n\u00e1\u0161ho t\u00edmu kvalifikovan\u00fdch pracovn\u00edkov, ktor\u00ed maj\u00fa sk\u00fasenosti v stavebnom sektore, ale taktie\u017e zodpovedn\u00fdch pracovn\u00edkov bez praxe s chu\u0165ou pracova\u0165 a rozv\u00edja\u0165 svoje schopnosti, zru\u010dnosti a z\u00e1rove\u0148 sa sta\u0165 \u010dlenom stabilnej spolo\u010dnosti p\u00f4sobiacej na stavebnom trhu. V pr\u00edpade z\u00e1ujmu n\u00e1s nev\u00e1hajte kontaktova\u0165.<\/p>\n\t\t\t\t\t\t<\/div>\n\t\t\t\t<\/div>\n\t\t\t\t\t<\/div>\n\t\t<\/div>\n\t\t\t\t\t<\/div>\n\t\t<\/section>\n\t\t\t\t<section class=\"elementor-section elementor-top-section elementor-element elementor-element-5d24fb1e elementor-section-boxed elementor-section-height-default elementor-section-height-default\" data-id=\"5d24fb1e\" data-element_type=\"section\" data-settings=\"{&quot;background_background&quot;:&quot;classic&quot;,&quot;shape_divider_top&quot;:&quot;tilt&quot;}\">\n\t\t\t\t\t<div class=\"elementor-shape elementor-shape-top\" data-negative=\"false\">\n\t\t\t<svg xmlns=\"http:\/\/www.w3.org\/2000\/svg\" viewBox=\"0 0 1000 100\" preserveAspectRatio=\"none\">\n\t<path class=\"elementor-shape-fill\" d=\"M0,6V0h1000v100L0,6z\"\/>\n<\/svg>\t\t<\/div>\n\t\t\t\t\t<div class=\"elementor-container elementor-column-gap-default\">\n\t\t\t\t\t<div class=\"elementor-column elementor-col-100 elementor-top-column elementor-element elementor-element-336c12f2\" data-id=\"336c12f2\" data-element_type=\"column\">\n\t\t\t<div class=\"elementor-widget-wrap elementor-element-populated\">\n\t\t\t\t\t\t<div class=\"elementor-element elementor-element-b666253 elementor-widget elementor-widget-heading\" data-id=\"b666253\" data-element_type=\"widget\" data-widget_type=\"heading.default\">\n\t\t\t\t<div class=\"elementor-widget-container\">\n\t\t\t<h3 class=\"elementor-heading-title elementor-size-xl\">\u017diados\u0165 o zamestnanie<\/h3>\t\t<\/div>\n\t\t\t\t<\/div>\n\t\t\t\t<div class=\"elementor-element elementor-element-6fb37941 elementor-widget-divider--view-line elementor-widget elementor-widget-divider\" data-id=\"6fb37941\" data-element_type=\"widget\" data-widget_type=\"divider.default\">\n\t\t\t\t<div class=\"elementor-widget-container\">\n\t\t\t\t\t<div class=\"elementor-divider\">\n\t\t\t<span class=\"elementor-divider-separator\">\n\t\t\t\t\t\t<\/span>\n\t\t<\/div>\n\t\t\t\t<\/div>\n\t\t\t\t<\/div>\n\t\t\t\t<div class=\"elementor-element elementor-element-92261ce elementor-button-align-center elementor-widget elementor-widget-form\" data-id=\"92261ce\" data-element_type=\"widget\" data-settings=\"{&quot;button_width&quot;:&quot;100&quot;,&quot;step_next_label&quot;:&quot;\\u010eal\\u0161ie&quot;,&quot;step_previous_label&quot;:&quot;Predo\\u0161l\\u00e9&quot;,&quot;step_type&quot;:&quot;number_text&quot;,&quot;step_icon_shape&quot;:&quot;circle&quot;}\" data-widget_type=\"form.default\">\n\t\t\t\t<div class=\"elementor-widget-container\">\n\t\t\t\t\t<form class=\"elementor-form\" method=\"post\" name=\"New Form\">\n\t\t\t<input type=\"hidden\" name=\"post_id\" value=\"758\"\/>\n\t\t\t<input type=\"hidden\" name=\"form_id\" value=\"92261ce\"\/>\n\t\t\t<input type=\"hidden\" name=\"referer_title\" value=\"Builders Group\" \/>\n\n\t\t\t\n\t\t\t<div class=\"elementor-form-fields-wrapper elementor-labels-above\">\n\t\t\t\t\t\t\t\t<div class=\"elementor-field-type-text elementor-field-group elementor-column elementor-field-group-name elementor-col-100\">\n\t\t\t\t\t\t\t\t\t\t\t\t<label for=\"form-field-name\" class=\"elementor-field-label\">\n\t\t\t\t\t\t\t\tMeno\t\t\t\t\t\t\t<\/label>\n\t\t\t\t\t\t\t\t\t\t\t\t\t\t<input size=\"1\" type=\"text\" name=\"form_fields[name]\" id=\"form-field-name\" class=\"elementor-field elementor-size-sm  elementor-field-textual\" placeholder=\"Meno\">\n\t\t\t\t\t\t\t\t\t\t\t<\/div>\n\t\t\t\t\t\t\t\t<div class=\"elementor-field-type-email elementor-field-group elementor-column elementor-field-group-email elementor-col-100 elementor-field-required\">\n\t\t\t\t\t\t\t\t\t\t\t\t<label for=\"form-field-email\" class=\"elementor-field-label\">\n\t\t\t\t\t\t\t\tEmail\t\t\t\t\t\t\t<\/label>\n\t\t\t\t\t\t\t\t\t\t\t\t\t\t<input size=\"1\" type=\"email\" name=\"form_fields[email]\" id=\"form-field-email\" class=\"elementor-field elementor-size-sm  elementor-field-textual\" placeholder=\"Email\" required=\"required\" aria-required=\"true\">\n\t\t\t\t\t\t\t\t\t\t\t<\/div>\n\t\t\t\t\t\t\t\t<div class=\"elementor-field-type-textarea elementor-field-group elementor-column elementor-field-group-message elementor-col-100\">\n\t\t\t\t\t\t\t\t\t\t\t\t<label for=\"form-field-message\" class=\"elementor-field-label\">\n\t\t\t\t\t\t\t\tSpr\u00e1va\t\t\t\t\t\t\t<\/label>\n\t\t\t\t\t\t<textarea class=\"elementor-field-textual elementor-field  elementor-size-sm\" name=\"form_fields[message]\" id=\"form-field-message\" rows=\"4\" placeholder=\"Spr\u00e1va\"><\/textarea>\t\t\t\t<\/div>\n\t\t\t\t\t\t\t\t<div class=\"elementor-field-group elementor-column elementor-field-type-submit elementor-col-100 e-form__buttons\">\n\t\t\t\t\t<button type=\"submit\" class=\"elementor-button elementor-size-sm\">\n\t\t\t\t\t\t<span >\n\t\t\t\t\t\t\t\t\t\t\t\t\t\t\t<span class=\" elementor-button-icon\">\n\t\t\t\t\t\t\t\t\t\t\t\t\t\t\t\t\t\t\t\t\t\t\t\t\t\t<\/span>\n\t\t\t\t\t\t\t\t\t\t\t\t\t\t\t\t\t\t\t\t\t\t<span class=\"elementor-button-text\">Posla\u0165<\/span>\n\t\t\t\t\t\t\t\t\t\t\t\t\t<\/span>\n\t\t\t\t\t<\/button>\n\t\t\t\t<\/div>\n\t\t\t<\/div>\n\t\t<\/form>\n\t\t\t\t<\/div>\n\t\t\t\t<\/div>\n\t\t\t\t\t<\/div>\n\t\t<\/div>\n\t\t\t\t\t<\/div>\n\t\t<\/section>\n\t\t\t\t<section class=\"elementor-section elementor-top-section elementor-element elementor-element-57974b85 elementor-section-full_width elementor-section-height-default elementor-section-height-default\" data-id=\"57974b85\" data-element_type=\"section\">\n\t\t\t\t\t\t<div class=\"elementor-container elementor-column-gap-default\">\n\t\t\t\t\t<div class=\"elementor-column elementor-col-100 elementor-top-column elementor-element elementor-element-4ce9d942\" data-id=\"4ce9d942\" data-element_type=\"column\">\n\t\t\t<div class=\"elementor-widget-wrap elementor-element-populated\">\n\t\t\t\t\t\t<div class=\"elementor-element elementor-element-9f091b1 elementor-widget elementor-widget-template\" data-id=\"9f091b1\" data-element_type=\"widget\" data-widget_type=\"template.default\">\n\t\t\t\t<div class=\"elementor-widget-container\">\n\t\t\t\t\t<div class=\"elementor-template\">\n\t\t\t\t\t<div data-elementor-type=\"section\" data-elementor-id=\"771\" class=\"elementor elementor-771 elementor-578\" data-elementor-post-type=\"elementor_library\">\n\t\t\t\t\t<section class=\"elementor-section elementor-top-section elementor-element elementor-element-1e28d1c9 elementor-section-boxed elementor-section-height-default elementor-section-height-default\" data-id=\"1e28d1c9\" data-element_type=\"section\" data-settings=\"{&quot;background_background&quot;:&quot;classic&quot;}\">\n\t\t\t\t\t\t<div class=\"elementor-container elementor-column-gap-default\">\n\t\t\t\t\t<div class=\"elementor-column elementor-col-66 elementor-top-column elementor-element elementor-element-7ea8dfb3\" data-id=\"7ea8dfb3\" data-element_type=\"column\">\n\t\t\t<div class=\"elementor-widget-wrap elementor-element-populated\">\n\t\t\t\t\t\t<div class=\"elementor-element elementor-element-7c40cb5c elementor-widget elementor-widget-heading\" data-id=\"7c40cb5c\" data-element_type=\"widget\" data-widget_type=\"heading.default\">\n\t\t\t\t<div class=\"elementor-widget-container\">\n\t\t\t<h3 class=\"elementor-heading-title elementor-size-default\">Potrebujete pomoc v oblasti stavebn\u00edctva? Sme odborn\u00edci!<\/h3>\t\t<\/div>\n\t\t\t\t<\/div>\n\t\t\t\t\t<\/div>\n\t\t<\/div>\n\t\t\t\t<div class=\"elementor-column elementor-col-33 elementor-top-column elementor-element elementor-element-4c0e9cba\" data-id=\"4c0e9cba\" data-element_type=\"column\">\n\t\t\t<div class=\"elementor-widget-wrap elementor-element-populated\">\n\t\t\t\t\t\t<div class=\"elementor-element elementor-element-e04c861 elementor-align-right elementor-mobile-align-center elementor-widget elementor-widget-button\" data-id=\"e04c861\" data-element_type=\"widget\" data-widget_type=\"button.default\">\n\t\t\t\t<div class=\"elementor-widget-container\">\n\t\t\t\t\t<div class=\"elementor-button-wrapper\">\n\t\t\t<a class=\"elementor-button elementor-button-link elementor-size-sm\" href=\"https:\/\/www.buildersgroup.sk\/sk\/kontakt\/\">\n\t\t\t\t\t\t<span class=\"elementor-button-content-wrapper\">\n\t\t\t\t\t\t<span class=\"elementor-button-text\">Kontaktujte n\u00e1s<\/span>\n\t\t<\/span>\n\t\t\t\t\t<\/a>\n\t\t<\/div>\n\t\t\t\t<\/div>\n\t\t\t\t<\/div>\n\t\t\t\t\t<\/div>\n\t\t<\/div>\n\t\t\t\t\t<\/div>\n\t\t<\/section>\n\t\t\t\t<\/div>\n\t\t\t\t<\/div>\n\t\t\t\t<\/div>\n\t\t\t\t<\/div>\n\t\t\t\t\t<\/div>\n\t\t<\/div>\n\t\t\t\t\t<\/div>\n\t\t<\/section>\n\t\t\t\t<\/div>\n\t\t","protected":false},"excerpt":{"rendered":"<p>H\u013ead\u00e1me do n\u00e1\u0161ho t\u00edmu kvalifikovan\u00fdch pracovn\u00edkov, ktor\u00ed maj\u00fa sk\u00fasenosti v stavebnom sektore, ale taktie\u017e zodpovedn\u00fdch pracovn\u00edkov bez praxe s chu\u0165ou pracova\u0165 a rozv\u00edja\u0165 svoje schopnosti, zru\u010dnosti a z\u00e1rove\u0148 sa sta\u0165 \u010dlenom stabilnej spolo\u010dnosti p\u00f4sobiacej na stavebnom trhu. V pr\u00edpade z\u00e1ujmu n\u00e1s nev\u00e1hajte kontaktova\u0165. \u017diados\u0165 o zamestnanie<\/p>\n","protected":false},"author":1,"featured_media":709,"parent":0,"menu_order":0,"comment_status":"closed","ping_status":"closed","template":"","meta":{"site-sidebar-layout":"no-sidebar","site-content-layout":"page-builder","ast-site-content-layout":"","site-content-style":"default","site-sidebar-style":"default","ast-global-header-display":"","ast-banner-title-visibility":"","ast-main-header-display":"","ast-hfb-above-header-display":"","ast-hfb-below-header-display":"","ast-hfb-mobile-header-display":"","site-post-title":"disabled","ast-breadcrumbs-content":"","ast-featured-img":"disabled","footer-sml-layout":"","theme-transparent-header-meta":"","adv-header-id-meta":null,"stick-header-meta":null,"header-above-stick-meta":null,"header-main-stick-meta":null,"header-below-stick-meta":null,"astra-migrate-meta-layouts":"default","ast-page-background-enabled":"default","ast-page-background-meta":{"desktop":{"background-color":"","background-image":"","background-repeat":"repeat","background-position":"center center","background-size":"auto","background-attachment":"scroll","background-type":"","background-media":"","overlay-type":"","overlay-color":"","overlay-gradient":""},"tablet":{"background-color":"","background-image":"","background-repeat":"repeat","background-position":"center center","background-size":"auto","background-attachment":"scroll","background-type":"","background-media":"","overlay-type":"","overlay-color":"","overlay-gradient":""},"mobile":{"background-color":"","background-image":"","background-repeat":"repeat","background-position":"center center","background-size":"auto","background-attachment":"scroll","background-type":"","background-media":"","overlay-type":"","overlay-color":"","overlay-gradient":""}},"ast-content-background-meta":{"desktop":{"background-color":"var(--ast-global-color-5)","background-image":"","background-repeat":"repeat","background-position":"center center","background-size":"auto","background-attachment":"scroll","background-type":"","background-media":"","overlay-type":"","overlay-color":"","overlay-gradient":""},"tablet":{"background-color":"var(--ast-global-color-5)","background-image":"","background-repeat":"repeat","background-position":"center center","background-size":"auto","background-attachment":"scroll","background-type":"","background-media":"","overlay-type":"","overlay-color":"","overlay-gradient":""},"mobile":{"background-color":"var(--ast-global-color-5)","background-image":"","background-repeat":"repeat","background-position":"center center","background-size":"auto","background-attachment":"scroll","background-type":"","background-media":"","overlay-type":"","overlay-color":"","overlay-gradient":""}},"footnotes":""},"class_list":["post-758","page","type-page","status-publish","has-post-thumbnail","hentry"],"yoast_head":"<!-- This site is optimized with the Yoast SEO plugin v22.4 - https:\/\/yoast.com\/wordpress\/plugins\/seo\/ -->\n<title>Kari\u00e9ra - Builders Group<\/title>\n<meta name=\"robots\" content=\"index, follow, max-snippet:-1, max-image-preview:large, max-video-preview:-1\" \/>\n<link rel=\"canonical\" href=\"https:\/\/www.buildersgroup.sk\/sk\/kariera\/\" \/>\n<meta property=\"og:locale\" content=\"sk_SK\" \/>\n<meta property=\"og:type\" content=\"article\" \/>\n<meta property=\"og:title\" content=\"Kari\u00e9ra - Builders Group\" \/>\n<meta property=\"og:description\" content=\"H\u013ead\u00e1me do n\u00e1\u0161ho t\u00edmu kvalifikovan\u00fdch pracovn\u00edkov, ktor\u00ed maj\u00fa sk\u00fasenosti v stavebnom sektore, ale taktie\u017e zodpovedn\u00fdch pracovn\u00edkov bez praxe s chu\u0165ou pracova\u0165 a rozv\u00edja\u0165 svoje schopnosti, zru\u010dnosti a z\u00e1rove\u0148 sa sta\u0165 \u010dlenom stabilnej spolo\u010dnosti p\u00f4sobiacej na stavebnom trhu. V pr\u00edpade z\u00e1ujmu n\u00e1s nev\u00e1hajte kontaktova\u0165. \u017diados\u0165 o zamestnanie\" \/>\n<meta property=\"og:url\" content=\"https:\/\/www.buildersgroup.sk\/sk\/kariera\/\" \/>\n<meta property=\"og:site_name\" content=\"Builders Group\" \/>\n<meta property=\"article:modified_time\" content=\"2020-06-03T05:41:17+00:00\" \/>\n<meta property=\"og:image\" content=\"https:\/\/www.buildersgroup.sk\/wp-content\/uploads\/2020\/05\/job-4131482_1920.jpg\" \/>\n\t<meta property=\"og:image:width\" content=\"1920\" \/>\n\t<meta property=\"og:image:height\" content=\"1280\" \/>\n\t<meta property=\"og:image:type\" content=\"image\/jpeg\" \/>\n<meta name=\"twitter:card\" content=\"summary_large_image\" \/>\n<script type=\"application\/ld+json\" class=\"yoast-schema-graph\">{\"@context\":\"https:\/\/schema.org\",\"@graph\":[{\"@type\":\"WebPage\",\"@id\":\"https:\/\/www.buildersgroup.sk\/sk\/kariera\/\",\"url\":\"https:\/\/www.buildersgroup.sk\/sk\/kariera\/\",\"name\":\"Kari\u00e9ra - Builders Group\",\"isPartOf\":{\"@id\":\"https:\/\/www.buildersgroup.sk\/sk\/#website\"},\"primaryImageOfPage\":{\"@id\":\"https:\/\/www.buildersgroup.sk\/sk\/kariera\/#primaryimage\"},\"image\":{\"@id\":\"https:\/\/www.buildersgroup.sk\/sk\/kariera\/#primaryimage\"},\"thumbnailUrl\":\"https:\/\/www.buildersgroup.sk\/wp-content\/uploads\/2020\/05\/job-4131482_1920.jpg\",\"datePublished\":\"2020-06-03T04:24:55+00:00\",\"dateModified\":\"2020-06-03T05:41:17+00:00\",\"breadcrumb\":{\"@id\":\"https:\/\/www.buildersgroup.sk\/sk\/kariera\/#breadcrumb\"},\"inLanguage\":\"sk-SK\",\"potentialAction\":[{\"@type\":\"ReadAction\",\"target\":[\"https:\/\/www.buildersgroup.sk\/sk\/kariera\/\"]}]},{\"@type\":\"ImageObject\",\"inLanguage\":\"sk-SK\",\"@id\":\"https:\/\/www.buildersgroup.sk\/sk\/kariera\/#primaryimage\",\"url\":\"https:\/\/www.buildersgroup.sk\/wp-content\/uploads\/2020\/05\/job-4131482_1920.jpg\",\"contentUrl\":\"https:\/\/www.buildersgroup.sk\/wp-content\/uploads\/2020\/05\/job-4131482_1920.jpg\",\"width\":1920,\"height\":1280},{\"@type\":\"BreadcrumbList\",\"@id\":\"https:\/\/www.buildersgroup.sk\/sk\/kariera\/#breadcrumb\",\"itemListElement\":[{\"@type\":\"ListItem\",\"position\":1,\"name\":\"Home\",\"item\":\"https:\/\/www.buildersgroup.sk\/sk\/\"},{\"@type\":\"ListItem\",\"position\":2,\"name\":\"Kari\u00e9ra\"}]},{\"@type\":\"WebSite\",\"@id\":\"https:\/\/www.buildersgroup.sk\/sk\/#website\",\"url\":\"https:\/\/www.buildersgroup.sk\/sk\/\",\"name\":\"Builders Group\",\"description\":\"Building the future\",\"publisher\":{\"@id\":\"https:\/\/www.buildersgroup.sk\/sk\/#organization\"},\"potentialAction\":[{\"@type\":\"SearchAction\",\"target\":{\"@type\":\"EntryPoint\",\"urlTemplate\":\"https:\/\/www.buildersgroup.sk\/sk\/?s={search_term_string}\"},\"query-input\":\"required name=search_term_string\"}],\"inLanguage\":\"sk-SK\"},{\"@type\":\"Organization\",\"@id\":\"https:\/\/www.buildersgroup.sk\/sk\/#organization\",\"name\":\"Builders Group\",\"url\":\"https:\/\/www.buildersgroup.sk\/sk\/\",\"logo\":{\"@type\":\"ImageObject\",\"inLanguage\":\"sk-SK\",\"@id\":\"https:\/\/www.buildersgroup.sk\/sk\/#\/schema\/logo\/image\/\",\"url\":\"https:\/\/www.buildersgroup.sk\/wp-content\/uploads\/2020\/03\/logoweb512.png\",\"contentUrl\":\"https:\/\/www.buildersgroup.sk\/wp-content\/uploads\/2020\/03\/logoweb512.png\",\"width\":512,\"height\":258,\"caption\":\"Builders Group\"},\"image\":{\"@id\":\"https:\/\/www.buildersgroup.sk\/sk\/#\/schema\/logo\/image\/\"}}]}<\/script>\n<!-- \/ Yoast SEO plugin. -->","yoast_head_json":{"title":"Kari\u00e9ra - Builders Group","robots":{"index":"index","follow":"follow","max-snippet":"max-snippet:-1","max-image-preview":"max-image-preview:large","max-video-preview":"max-video-preview:-1"},"canonical":"https:\/\/www.buildersgroup.sk\/sk\/kariera\/","og_locale":"sk_SK","og_type":"article","og_title":"Kari\u00e9ra - Builders Group","og_description":"H\u013ead\u00e1me do n\u00e1\u0161ho t\u00edmu kvalifikovan\u00fdch pracovn\u00edkov, ktor\u00ed maj\u00fa sk\u00fasenosti v stavebnom sektore, ale taktie\u017e zodpovedn\u00fdch pracovn\u00edkov bez praxe s chu\u0165ou pracova\u0165 a rozv\u00edja\u0165 svoje schopnosti, zru\u010dnosti a z\u00e1rove\u0148 sa sta\u0165 \u010dlenom stabilnej spolo\u010dnosti p\u00f4sobiacej na stavebnom trhu. V pr\u00edpade z\u00e1ujmu n\u00e1s nev\u00e1hajte kontaktova\u0165. \u017diados\u0165 o zamestnanie","og_url":"https:\/\/www.buildersgroup.sk\/sk\/kariera\/","og_site_name":"Builders Group","article_modified_time":"2020-06-03T05:41:17+00:00","og_image":[{"width":1920,"height":1280,"url":"https:\/\/www.buildersgroup.sk\/wp-content\/uploads\/2020\/05\/job-4131482_1920.jpg","type":"image\/jpeg"}],"twitter_card":"summary_large_image","schema":{"@context":"https:\/\/schema.org","@graph":[{"@type":"WebPage","@id":"https:\/\/www.buildersgroup.sk\/sk\/kariera\/","url":"https:\/\/www.buildersgroup.sk\/sk\/kariera\/","name":"Kari\u00e9ra - Builders Group","isPartOf":{"@id":"https:\/\/www.buildersgroup.sk\/sk\/#website"},"primaryImageOfPage":{"@id":"https:\/\/www.buildersgroup.sk\/sk\/kariera\/#primaryimage"},"image":{"@id":"https:\/\/www.buildersgroup.sk\/sk\/kariera\/#primaryimage"},"thumbnailUrl":"https:\/\/www.buildersgroup.sk\/wp-content\/uploads\/2020\/05\/job-4131482_1920.jpg","datePublished":"2020-06-03T04:24:55+00:00","dateModified":"2020-06-03T05:41:17+00:00","breadcrumb":{"@id":"https:\/\/www.buildersgroup.sk\/sk\/kariera\/#breadcrumb"},"inLanguage":"sk-SK","potentialAction":[{"@type":"ReadAction","target":["https:\/\/www.buildersgroup.sk\/sk\/kariera\/"]}]},{"@type":"ImageObject","inLanguage":"sk-SK","@id":"https:\/\/www.buildersgroup.sk\/sk\/kariera\/#primaryimage","url":"https:\/\/www.buildersgroup.sk\/wp-content\/uploads\/2020\/05\/job-4131482_1920.jpg","contentUrl":"https:\/\/www.buildersgroup.sk\/wp-content\/uploads\/2020\/05\/job-4131482_1920.jpg","width":1920,"height":1280},{"@type":"BreadcrumbList","@id":"https:\/\/www.buildersgroup.sk\/sk\/kariera\/#breadcrumb","itemListElement":[{"@type":"ListItem","position":1,"name":"Home","item":"https:\/\/www.buildersgroup.sk\/sk\/"},{"@type":"ListItem","position":2,"name":"Kari\u00e9ra"}]},{"@type":"WebSite","@id":"https:\/\/www.buildersgroup.sk\/sk\/#website","url":"https:\/\/www.buildersgroup.sk\/sk\/","name":"Builders Group","description":"Building the future","publisher":{"@id":"https:\/\/www.buildersgroup.sk\/sk\/#organization"},"potentialAction":[{"@type":"SearchAction","target":{"@type":"EntryPoint","urlTemplate":"https:\/\/www.buildersgroup.sk\/sk\/?s={search_term_string}"},"query-input":"required name=search_term_string"}],"inLanguage":"sk-SK"},{"@type":"Organization","@id":"https:\/\/www.buildersgroup.sk\/sk\/#organization","name":"Builders Group","url":"https:\/\/www.buildersgroup.sk\/sk\/","logo":{"@type":"ImageObject","inLanguage":"sk-SK","@id":"https:\/\/www.buildersgroup.sk\/sk\/#\/schema\/logo\/image\/","url":"https:\/\/www.buildersgroup.sk\/wp-content\/uploads\/2020\/03\/logoweb512.png","contentUrl":"https:\/\/www.buildersgroup.sk\/wp-content\/uploads\/2020\/03\/logoweb512.png","width":512,"height":258,"caption":"Builders Group"},"image":{"@id":"https:\/\/www.buildersgroup.sk\/sk\/#\/schema\/logo\/image\/"}}]}},"_links":{"self":[{"href":"https:\/\/www.buildersgroup.sk\/sk\/wp-json\/wp\/v2\/pages\/758","targetHints":{"allow":["GET"]}}],"collection":[{"href":"https:\/\/www.buildersgroup.sk\/sk\/wp-json\/wp\/v2\/pages"}],"about":[{"href":"https:\/\/www.buildersgroup.sk\/sk\/wp-json\/wp\/v2\/types\/page"}],"author":[{"embeddable":true,"href":"https:\/\/www.buildersgroup.sk\/sk\/wp-json\/wp\/v2\/users\/1"}],"replies":[{"embeddable":true,"href":"https:\/\/www.buildersgroup.sk\/sk\/wp-json\/wp\/v2\/comments?post=758"}],"version-history":[{"count":1,"href":"https:\/\/www.buildersgroup.sk\/sk\/wp-json\/wp\/v2\/pages\/758\/revisions"}],"predecessor-version":[{"id":759,"href":"https:\/\/www.buildersgroup.sk\/sk\/wp-json\/wp\/v2\/pages\/758\/revisions\/759"}],"wp:featuredmedia":[{"embeddable":true,"href":"https:\/\/www.buildersgroup.sk\/sk\/wp-json\/wp\/v2\/media\/709"}],"wp:attachment":[{"href":"https:\/\/www.buildersgroup.sk\/sk\/wp-json\/wp\/v2\/media?parent=758"}],"curies":[{"name":"wp","href":"https:\/\/api.w.org\/{rel}","templated":true}]}}